{"id":36,"date":"2025-09-18T14:59:23","date_gmt":"2025-09-18T14:59:23","guid":{"rendered":"https:\/\/rimah.dk\/?page_id=36"},"modified":"2025-09-18T15:19:47","modified_gmt":"2025-09-18T15:19:47","slug":"vi-tilbyder","status":"publish","type":"page","link":"https:\/\/rimah.dk\/index.php\/vi-tilbyder\/","title":{"rendered":"Vi tilbyder"},"content":{"rendered":"\n<p class=\"has-black-color has-text-color has-link-color has-large-font-size wp-elements-71f43bdc87210ee9b9f97cab05776a33\"><strong>Rimah.dk<\/strong> &#8211; Vi l\u00f8ser b\u00e5de store og sm\u00e5 opgaver.<\/p>\n\n\n\n<p class=\"has-black-color has-text-color has-link-color has-large-font-size wp-elements-cb10c71725980e4d618e7cd26071096e\"><strong>Rimah.dk<\/strong> &#8211; Vikarer til b\u00e5de stort og sm\u00e5t.<\/p>\n\n\n\n<p class=\"has-black-color has-text-color has-link-color has-large-font-size wp-elements-20437b6c789948514d25c9f798f769bf\"><strong>Rimah.dk<\/strong> &#8211; Den rette arbejdskraft til alle dine projekter. <\/p>\n\n\n\n<p class=\"has-vivid-cyan-blue-color has-text-color has-link-color has-large-font-size wp-elements-f70239736ea22d34865250d924f0e38d\"><\/p>\n\n\n\n<p class=\"has-black-color has-text-color has-link-color has-medium-font-size wp-elements-1285ff89adfecf891b20f5ab518bbabd\"><strong>Rimah.dk<\/strong> er din p\u00e5lidelige partner, n\u00e5r du har brug for kvalificeret arbejdskraft. <\/p>\n\n\n\n<p class=\"has-black-color has-text-color has-link-color has-medium-font-size wp-elements-125768f09dcbada951c3b57dc372548b\">Vi bringer mange \u00e5rs praktisk erfaring inden for b\u00e5de landbrug og byggesektoren, hvilket sikrer, at vi kan matche dine behov med pr\u00e6cision og faglighed.<\/p>\n\n\n\n<ul class=\"wp-block-list\">\n<li class=\"has-black-color has-text-color has-link-color has-medium-font-size wp-elements-d819febe52b2dae8d1b95b1d5dfde53a\"><strong>Erfaren maskinf\u00f8rer og landmand:<\/strong> Med dybdeg\u00e5ende kendskab til planteavl og kv\u00e6gdrift er vi klar til at h\u00e5ndtere alle landbrugsopgaver effektivt.<\/li>\n\n\n\n<li class=\"has-vivid-purple-color has-text-color has-link-color has-medium-font-size wp-elements-6523eadd83e758423b49e29bbf14cbcd\">mobil 4970-6640<\/li>\n\n\n\n<li class=\"has-black-color has-text-color has-link-color has-medium-font-size wp-elements-4499f89505709fe6ac3bfe3dc4407561\"><strong>Kompetence i byggesektoren:<\/strong> Vores erfaring d\u00e6kker ogs\u00e5 et bredt spektrum inden for byggeri, anl\u00e6g og nedrivning, s\u00e5 vi kan tr\u00e6de til p\u00e5 en hvilken som helst byggeplads.<\/li>\n<\/ul>\n\n\n\n<p class=\"has-black-color has-text-color has-link-color has-medium-font-size wp-elements-71faa1c60586808e77e4e0ff313f9053\">Vi er vant til alle typer opgaver \u2013 store som sm\u00e5 \u2013 og er altid klar p\u00e5 en ekstraordin\u00e6r indsats for at n\u00e5 i m\u00e5l med projektet. Vi g\u00e5r ikke af vejen for lange arbejdsdage, n\u00e5r det er n\u00f8dvendigt for at overholde deadlines.<\/p>\n\n\n\n<p><\/p>\n","protected":false},"excerpt":{"rendered":"<p>Rimah.dk &#8211; Vi l\u00f8ser b\u00e5de store og sm\u00e5 opgaver. Rimah.dk &#8211; Vikarer til b\u00e5de stort og sm\u00e5t. Rimah.dk &#8211; Den rette arbejdskraft til alle dine projekter. Rimah.dk er din p\u00e5lidelige partner, n\u00e5r du har brug for kvalificeret arbejdskraft. Vi bringer mange \u00e5rs praktisk erfaring inden for b\u00e5de landbrug og byggesektoren, hvilket sikrer, at vi kan [&hellip;]<\/p>\n","protected":false},"author":1,"featured_media":0,"parent":0,"menu_order":0,"comment_status":"closed","ping_status":"closed","template":"","meta":{"footnotes":""},"class_list":["post-36","page","type-page","status-publish","czr-hentry"],"_links":{"self":[{"href":"https:\/\/rimah.dk\/index.php\/wp-json\/wp\/v2\/pages\/36","targetHints":{"allow":["GET"]}}],"collection":[{"href":"https:\/\/rimah.dk\/index.php\/wp-json\/wp\/v2\/pages"}],"about":[{"href":"https:\/\/rimah.dk\/index.php\/wp-json\/wp\/v2\/types\/page"}],"author":[{"embeddable":true,"href":"https:\/\/rimah.dk\/index.php\/wp-json\/wp\/v2\/users\/1"}],"replies":[{"embeddable":true,"href":"https:\/\/rimah.dk\/index.php\/wp-json\/wp\/v2\/comments?post=36"}],"version-history":[{"count":5,"href":"https:\/\/rimah.dk\/index.php\/wp-json\/wp\/v2\/pages\/36\/revisions"}],"predecessor-version":[{"id":48,"href":"https:\/\/rimah.dk\/index.php\/wp-json\/wp\/v2\/pages\/36\/revisions\/48"}],"wp:attachment":[{"href":"https:\/\/rimah.dk\/index.php\/wp-json\/wp\/v2\/media?parent=36"}],"curies":[{"name":"wp","href":"https:\/\/api.w.org\/{rel}","templated":true}]}}